{"id":2005,"date":"2025-11-15T18:17:23","date_gmt":"2025-11-15T17:17:23","guid":{"rendered":"https:\/\/biya-modesty.com\/?post_type=product&#038;p=2005"},"modified":"2026-02-23T16:59:31","modified_gmt":"2026-02-23T15:59:31","slug":"khimar","status":"publish","type":"product","link":"https:\/\/biya-modesty.com\/en\/product\/khimar\/","title":{"rendered":"Khimar"},"content":{"rendered":"<p>Khimar deux pi\u00e8ces: haut et jupe<br \/>\nEnsemble compos\u00e9 d\u2019un haut couvrant avec manches sp\u00e9cialement con\u00e7ues pour \u00e9viter toute visibilit\u00e9 du dessous lorsque les bras sont lev\u00e9s, et d\u2019une jupe assortie ajustable pour un confort optimal<\/p>","protected":false},"excerpt":{"rendered":"<p>Khimar deux pi\u00e8ces: haut et jupe<br \/>\nEnsemble compos\u00e9 d\u2019un haut couvrant avec manches sp\u00e9cialement con\u00e7ues pour \u00e9viter toute visibilit\u00e9 du dessous lorsque les bras sont lev\u00e9s, et d\u2019une jupe assortie ajustable pour un confort optimal<\/p>","protected":false},"featured_media":2008,"template":"","meta":[],"product_brand":[],"product_cat":[72],"product_tag":[],"class_list":{"0":"post-2005","1":"product","2":"type-product","3":"status-publish","4":"has-post-thumbnail","6":"product_cat-khimar","9":"instock","10":"shipping-taxable","11":"purchasable","12":"product-type-variable","13":"product-grid-view"},"jetpack_sharing_enabled":true,"_links":{"self":[{"href":"https:\/\/biya-modesty.com\/en\/wp-json\/wp\/v2\/product\/2005","targetHints":{"allow":["GET"]}}],"collection":[{"href":"https:\/\/biya-modesty.com\/en\/wp-json\/wp\/v2\/product"}],"about":[{"href":"https:\/\/biya-modesty.com\/en\/wp-json\/wp\/v2\/types\/product"}],"version-history":[{"count":3,"href":"https:\/\/biya-modesty.com\/en\/wp-json\/wp\/v2\/product\/2005\/revisions"}],"predecessor-version":[{"id":2514,"href":"https:\/\/biya-modesty.com\/en\/wp-json\/wp\/v2\/product\/2005\/revisions\/2514"}],"wp:featuredmedia":[{"embeddable":true,"href":"https:\/\/biya-modesty.com\/en\/wp-json\/wp\/v2\/media\/2008"}],"wp:attachment":[{"href":"https:\/\/biya-modesty.com\/en\/wp-json\/wp\/v2\/media?parent=2005"}],"wp:term":[{"taxonomy":"product_brand","embeddable":true,"href":"https:\/\/biya-modesty.com\/en\/wp-json\/wp\/v2\/product_brand?post=2005"},{"taxonomy":"product_cat","embeddable":true,"href":"https:\/\/biya-modesty.com\/en\/wp-json\/wp\/v2\/product_cat?post=2005"},{"taxonomy":"product_tag","embeddable":true,"href":"https:\/\/biya-modesty.com\/en\/wp-json\/wp\/v2\/product_tag?post=2005"}],"curies":[{"name":"wp","href":"https:\/\/api.w.org\/{rel}","templated":true}]}}