{"id":2049,"date":"2025-11-15T18:36:37","date_gmt":"2025-11-15T17:36:37","guid":{"rendered":"https:\/\/biya-modesty.com\/?post_type=product&#038;p=2049"},"modified":"2026-04-09T14:23:04","modified_gmt":"2026-04-09T13:23:04","slug":"hijab-jersey-premium","status":"publish","type":"product","link":"https:\/\/biya-modesty.com\/en\/product\/hijab-jersey-premium\/","title":{"rendered":"Hijab Jersey Premium"},"content":{"rendered":"<p data-start=\"125\" data-end=\"170\"><strong data-start=\"125\" data-end=\"170\">Hijab en jersey premium \u2013 qualit\u00e9 durable<\/strong><\/p>\n<p data-start=\"172\" data-end=\"451\">Optez pour un hijab pens\u00e9 pour durer. Confectionn\u00e9 en jersey premium de haute qualit\u00e9, ce hijab allie douceur, \u00e9l\u00e9gance et r\u00e9sistance. Sa mati\u00e8re soigneusement s\u00e9lectionn\u00e9e conserve sa tenue, sa couleur et sa souplesse lavage apr\u00e8s lavage, pour un rendu impeccable dans le temps.<br \/>\nAgr\u00e9able \u00e0 porter au quotidien, son tissu extensible assure un confort optimal. Facile \u00e0 nouer et \u00e0 styliser, il s\u2019adapte \u00e0 tous les styles et toutes les occasions, faisant de lui un v\u00e9ritable indispensable de votre dressing.<\/p>\n<p data-start=\"172\" data-end=\"451\"><strong data-start=\"721\" data-end=\"755\">Pourquoi vous allez l\u2019adorer :<\/strong><\/p>\n<ul data-start=\"756\" data-end=\"941\">\n<li data-start=\"756\" data-end=\"795\">\n<p data-start=\"758\" data-end=\"795\">Jersey premium durable et r\u00e9sistant<\/p>\n<\/li>\n<li data-start=\"796\" data-end=\"833\">\n<p data-start=\"798\" data-end=\"833\">Ne bouloche pas et garde sa forme<\/p>\n<\/li>\n<li data-start=\"834\" data-end=\"873\">\n<p data-start=\"836\" data-end=\"873\">Couleurs \u00e9clatantes et longue tenue<\/p>\n<\/li>\n<li data-start=\"874\" data-end=\"908\">\n<p data-start=\"876\" data-end=\"908\">Confortable, doux et \u00e9l\u00e9gant<\/p>\n<\/li>\n<li data-start=\"909\" data-end=\"941\">\n<p data-start=\"911\" data-end=\"941\">Facile \u00e0 porter au quotidien<\/p>\n<\/li>\n<\/ul>\n<p data-start=\"943\" data-end=\"1015\">Un hijab \u00e9l\u00e9gant et fiable, con\u00e7u pour vous accompagner jour apr\u00e8s jour.<\/p>","protected":false},"excerpt":{"rendered":"<p data-start=\"125\" data-end=\"170\"><strong data-start=\"125\" data-end=\"170\">Hijab en jersey premium \u2013 qualit\u00e9 durable<\/strong><\/p>\n<p data-start=\"172\" data-end=\"451\">Optez pour un hijab pens\u00e9 pour durer. Confectionn\u00e9 en jersey premium de haute qualit\u00e9, ce hijab allie douceur, \u00e9l\u00e9gance et r\u00e9sistance. Sa mati\u00e8re soigneusement s\u00e9lectionn\u00e9e conserve sa tenue, sa couleur et sa souplesse lavage apr\u00e8s lavage, pour un rendu impeccable dans le temps.<br \/>\nAgr\u00e9able \u00e0 porter au quotidien, son tissu extensible assure un confort optimal. Facile \u00e0 nouer et \u00e0 styliser, il s\u2019adapte \u00e0 tous les styles et toutes les occasions, faisant de lui un v\u00e9ritable indispensable de votre dressing.<\/p>\n<p data-start=\"721\" data-end=\"755\"><strong data-start=\"721\" data-end=\"755\">Pourquoi vous allez l\u2019adorer :<\/strong><\/p>\n<ul data-start=\"756\" data-end=\"941\">\n<li data-start=\"756\" data-end=\"795\">\n<p data-start=\"758\" data-end=\"795\">Jersey premium durable et r\u00e9sistant<\/p>\n<\/li>\n<li data-start=\"796\" data-end=\"833\">\n<p data-start=\"798\" data-end=\"833\">Ne bouloche pas et garde sa forme<\/p>\n<\/li>\n<li data-start=\"834\" data-end=\"873\">\n<p data-start=\"836\" data-end=\"873\">Couleurs \u00e9clatantes et longue tenue<\/p>\n<\/li>\n<li data-start=\"874\" data-end=\"908\">\n<p data-start=\"876\" data-end=\"908\">Confortable, doux et \u00e9l\u00e9gant<\/p>\n<\/li>\n<li data-start=\"909\" data-end=\"941\">\n<p data-start=\"911\" data-end=\"941\">Facile \u00e0 porter au quotidien<\/p>\n<\/li>\n<\/ul>\n<p data-start=\"943\" data-end=\"1015\">Un hijab \u00e9l\u00e9gant et fiable, con\u00e7u pour vous accompagner jour apr\u00e8s jour.<\/p>","protected":false},"featured_media":2041,"template":"","meta":[],"product_brand":[],"product_cat":[71],"product_tag":[],"class_list":{"0":"post-2049","1":"product","2":"type-product","3":"status-publish","4":"has-post-thumbnail","6":"product_cat-hijab","9":"instock","10":"shipping-taxable","11":"purchasable","12":"product-type-variable","13":"product-grid-view"},"jetpack_sharing_enabled":true,"_links":{"self":[{"href":"https:\/\/biya-modesty.com\/en\/wp-json\/wp\/v2\/product\/2049","targetHints":{"allow":["GET"]}}],"collection":[{"href":"https:\/\/biya-modesty.com\/en\/wp-json\/wp\/v2\/product"}],"about":[{"href":"https:\/\/biya-modesty.com\/en\/wp-json\/wp\/v2\/types\/product"}],"version-history":[{"count":5,"href":"https:\/\/biya-modesty.com\/en\/wp-json\/wp\/v2\/product\/2049\/revisions"}],"predecessor-version":[{"id":2523,"href":"https:\/\/biya-modesty.com\/en\/wp-json\/wp\/v2\/product\/2049\/revisions\/2523"}],"wp:featuredmedia":[{"embeddable":true,"href":"https:\/\/biya-modesty.com\/en\/wp-json\/wp\/v2\/media\/2041"}],"wp:attachment":[{"href":"https:\/\/biya-modesty.com\/en\/wp-json\/wp\/v2\/media?parent=2049"}],"wp:term":[{"taxonomy":"product_brand","embeddable":true,"href":"https:\/\/biya-modesty.com\/en\/wp-json\/wp\/v2\/product_brand?post=2049"},{"taxonomy":"product_cat","embeddable":true,"href":"https:\/\/biya-modesty.com\/en\/wp-json\/wp\/v2\/product_cat?post=2049"},{"taxonomy":"product_tag","embeddable":true,"href":"https:\/\/biya-modesty.com\/en\/wp-json\/wp\/v2\/product_tag?post=2049"}],"curies":[{"name":"wp","href":"https:\/\/api.w.org\/{rel}","templated":true}]}}