{"id":2105,"date":"2025-11-15T19:04:05","date_gmt":"2025-11-15T18:04:05","guid":{"rendered":"https:\/\/biya-modesty.com\/?post_type=product&#038;p=2105"},"modified":"2026-03-22T12:34:38","modified_gmt":"2026-03-22T11:34:38","slug":"hijab-instant-two-tone","status":"publish","type":"product","link":"https:\/\/biya-modesty.com\/en\/product\/hijab-instant-two-tone\/","title":{"rendered":"Instant Hijab Two tone ( Jersey premium )"},"content":{"rendered":"<p><strong data-start=\"108\" data-end=\"145\">Hijab \u00e0 enfiler en jersey premium<br \/>\n<\/strong>Alliez confort, praticit\u00e9 et \u00e9l\u00e9gance avec notre hijab \u00e0 enfiler en jersey premium. Con\u00e7u pour s\u2019adapter parfaitement \u00e0 votre quotidien, il se met en place en quelques secondes sans \u00e9pingles ni accessoires. Sa mati\u00e8re douce et extensible \u00e9pouse d\u00e9licatement la forme du visage tout en offrant un maintien optimal tout au long de la journ\u00e9e.<br \/>\nPolyvalent et intemporel, ce hijab convient aussi bien aux journ\u00e9es actives qu\u2019aux occasions plus habill\u00e9es.<\/p>","protected":false},"excerpt":{"rendered":"<p><strong data-start=\"108\" data-end=\"145\">Hijab \u00e0 enfiler en jersey premium<br \/>\n<\/strong>Alliez confort, praticit\u00e9 et \u00e9l\u00e9gance avec notre hijab \u00e0 enfiler en jersey premium. Con\u00e7u pour s\u2019adapter parfaitement \u00e0 votre quotidien, il se met en place en quelques secondes sans \u00e9pingles ni accessoires. Sa mati\u00e8re douce et extensible \u00e9pouse d\u00e9licatement la forme du visage tout en offrant un maintien optimal tout au long de la journ\u00e9e.<br \/>\nPolyvalent et intemporel, ce hijab convient aussi bien aux journ\u00e9es actives qu\u2019aux occasions plus habill\u00e9es.<\/p>","protected":false},"featured_media":2103,"template":"","meta":[],"product_brand":[],"product_cat":[71],"product_tag":[],"class_list":{"0":"post-2105","1":"product","2":"type-product","3":"status-publish","4":"has-post-thumbnail","6":"product_cat-hijab","9":"instock","10":"shipping-taxable","11":"purchasable","12":"product-type-variable","13":"product-grid-view"},"jetpack_sharing_enabled":true,"_links":{"self":[{"href":"https:\/\/biya-modesty.com\/en\/wp-json\/wp\/v2\/product\/2105","targetHints":{"allow":["GET"]}}],"collection":[{"href":"https:\/\/biya-modesty.com\/en\/wp-json\/wp\/v2\/product"}],"about":[{"href":"https:\/\/biya-modesty.com\/en\/wp-json\/wp\/v2\/types\/product"}],"version-history":[{"count":3,"href":"https:\/\/biya-modesty.com\/en\/wp-json\/wp\/v2\/product\/2105\/revisions"}],"predecessor-version":[{"id":2525,"href":"https:\/\/biya-modesty.com\/en\/wp-json\/wp\/v2\/product\/2105\/revisions\/2525"}],"wp:featuredmedia":[{"embeddable":true,"href":"https:\/\/biya-modesty.com\/en\/wp-json\/wp\/v2\/media\/2103"}],"wp:attachment":[{"href":"https:\/\/biya-modesty.com\/en\/wp-json\/wp\/v2\/media?parent=2105"}],"wp:term":[{"taxonomy":"product_brand","embeddable":true,"href":"https:\/\/biya-modesty.com\/en\/wp-json\/wp\/v2\/product_brand?post=2105"},{"taxonomy":"product_cat","embeddable":true,"href":"https:\/\/biya-modesty.com\/en\/wp-json\/wp\/v2\/product_cat?post=2105"},{"taxonomy":"product_tag","embeddable":true,"href":"https:\/\/biya-modesty.com\/en\/wp-json\/wp\/v2\/product_tag?post=2105"}],"curies":[{"name":"wp","href":"https:\/\/api.w.org\/{rel}","templated":true}]}}