{"id":2575,"date":"2026-01-27T18:10:36","date_gmt":"2026-01-27T17:10:36","guid":{"rendered":"https:\/\/biya-modesty.com\/?post_type=product&#038;p=2575"},"modified":"2026-03-25T21:57:54","modified_gmt":"2026-03-25T20:57:54","slug":"hijab-jacquard","status":"publish","type":"product","link":"https:\/\/biya-modesty.com\/en\/product\/hijab-jacquard\/","title":{"rendered":"Hijab Jacquard"},"content":{"rendered":"<p>Tissu Jacquard Premium \u2013 \u00c9l\u00e9gance Textur\u00e9e avec ou sans corde rouge<\/p>\n<p>Notre tissu jacquard se distingue par son motif tiss\u00e9 en relief, directement int\u00e9gr\u00e9 dans la mati\u00e8re pour un rendu raffin\u00e9, luxueux et durable. Sa texture subtile apporte de la profondeur visuelle tout en conservant une finition douce et soyeuse au toucher.<\/p>\n<p>Gr\u00e2ce \u00e0 son tomb\u00e9 fluide mais structur\u00e9, il \u00e9pouse harmonieusement les mouvements tout en offrant une opacit\u00e9 optimale. Le motif g\u00e9om\u00e9trique d\u00e9licatement travaill\u00e9 conf\u00e8re une allure moderne et \u00e9l\u00e9gante, id\u00e9ale pour une silhouette chic et intemporelle.<\/p>\n<p>Ce jacquard a \u00e9t\u00e9 soigneusement s\u00e9lectionn\u00e9 pour garantir :<\/p>\n<ul>\n<li>Un confort optimal au quotidien<\/li>\n<li>Une tenue impeccable<\/li>\n<li>Une r\u00e9sistance dans le temps<\/li>\n<li>Un rendu haut de gamme fid\u00e8le \u00e0 l\u2019identit\u00e9 Biya Modesty<\/li>\n<\/ul>\n<p>Parfait pour sublimer vos tenues avec distinction et finesse.<\/p>","protected":false},"excerpt":{"rendered":"<p>Tissu Jacquard Premium \u2013 \u00c9l\u00e9gance Textur\u00e9e avec ou sans corde rouge<\/p>\n<p>Notre tissu jacquard se distingue par son motif tiss\u00e9 en relief, directement int\u00e9gr\u00e9 dans la mati\u00e8re pour un rendu raffin\u00e9, luxueux et durable. Sa texture subtile apporte de la profondeur visuelle tout en conservant une finition douce et soyeuse au toucher.<\/p>\n<p>Gr\u00e2ce \u00e0 son tomb\u00e9 fluide mais structur\u00e9, il \u00e9pouse harmonieusement les mouvements tout en offrant une opacit\u00e9 optimale. Le motif g\u00e9om\u00e9trique d\u00e9licatement travaill\u00e9 conf\u00e8re une allure moderne et \u00e9l\u00e9gante, id\u00e9ale pour une silhouette chic et intemporelle.<\/p>\n<p>Ce jacquard a \u00e9t\u00e9 soigneusement s\u00e9lectionn\u00e9 pour garantir :<\/p>\n<ul>\n<li>Un confort optimal au quotidien<\/li>\n<li>Une tenue impeccable<\/li>\n<li>Une r\u00e9sistance dans le temps<\/li>\n<li>Un rendu haut de gamme fid\u00e8le \u00e0 l\u2019identit\u00e9 Biya Modesty<\/li>\n<\/ul>\n<p>Parfait pour sublimer vos tenues avec distinction et finesse.<\/p>","protected":false},"featured_media":2877,"template":"","meta":[],"product_brand":[],"product_cat":[71],"product_tag":[],"class_list":{"0":"post-2575","1":"product","2":"type-product","3":"status-publish","4":"has-post-thumbnail","6":"product_cat-hijab","9":"instock","10":"shipping-taxable","11":"purchasable","12":"product-type-variable","13":"product-grid-view"},"jetpack_sharing_enabled":true,"_links":{"self":[{"href":"https:\/\/biya-modesty.com\/en\/wp-json\/wp\/v2\/product\/2575","targetHints":{"allow":["GET"]}}],"collection":[{"href":"https:\/\/biya-modesty.com\/en\/wp-json\/wp\/v2\/product"}],"about":[{"href":"https:\/\/biya-modesty.com\/en\/wp-json\/wp\/v2\/types\/product"}],"version-history":[{"count":6,"href":"https:\/\/biya-modesty.com\/en\/wp-json\/wp\/v2\/product\/2575\/revisions"}],"predecessor-version":[{"id":2594,"href":"https:\/\/biya-modesty.com\/en\/wp-json\/wp\/v2\/product\/2575\/revisions\/2594"}],"wp:featuredmedia":[{"embeddable":true,"href":"https:\/\/biya-modesty.com\/en\/wp-json\/wp\/v2\/media\/2877"}],"wp:attachment":[{"href":"https:\/\/biya-modesty.com\/en\/wp-json\/wp\/v2\/media?parent=2575"}],"wp:term":[{"taxonomy":"product_brand","embeddable":true,"href":"https:\/\/biya-modesty.com\/en\/wp-json\/wp\/v2\/product_brand?post=2575"},{"taxonomy":"product_cat","embeddable":true,"href":"https:\/\/biya-modesty.com\/en\/wp-json\/wp\/v2\/product_cat?post=2575"},{"taxonomy":"product_tag","embeddable":true,"href":"https:\/\/biya-modesty.com\/en\/wp-json\/wp\/v2\/product_tag?post=2575"}],"curies":[{"name":"wp","href":"https:\/\/api.w.org\/{rel}","templated":true}]}}