{"id":2605,"date":"2026-02-05T15:38:30","date_gmt":"2026-02-05T14:38:30","guid":{"rendered":"https:\/\/biya-modesty.com\/?post_type=product&#038;p=2605"},"modified":"2026-03-22T12:22:12","modified_gmt":"2026-03-22T11:22:12","slug":"echarpe","status":"publish","type":"product","link":"https:\/\/biya-modesty.com\/en\/product\/echarpe\/","title":{"rendered":"Echarpe"},"content":{"rendered":"","protected":false},"excerpt":{"rendered":"<p>Echarpe en maille c\u00f4tel\u00e9e<\/p>\n<p>Cette \u00e9charpe en maille c\u00f4tel\u00e9e s\u00e9duit par sa texture travaill\u00e9e et son rendu \u00e0 la fois chaleureux et raffin\u00e9. Confectionn\u00e9e dans une maille douce et enveloppante, elle offre un confort optimal tout en apportant une touche d\u2019\u00e9l\u00e9gance \u00e0 vos tenues du quotidien.<\/p>\n<p>Le motif c\u00f4tel\u00e9 vertical apporte du relief et une belle tenue, tandis que la finition soign\u00e9e et l\u2019\u00e9tiquette discr\u00e8te ajoutent une note premium.<\/p>\n<p>Polyvalente et intemporelle, cette \u00e9charpe se porte aussi bien avec un manteau structur\u00e9 qu\u2019avec une tenue plus d\u00e9contract\u00e9e, pour un style modeste et affirm\u00e9.<\/p>\n<p>D\u00e9tails :<\/p>\n<p>\u2013 Maille c\u00f4tel\u00e9e douce et textur\u00e9e<\/p>\n<p>\u2013 Finition soign\u00e9e avec \u00e9tiquette discr\u00e8te<\/p>\n<p>\u2013 Confortable et facile \u00e0 assortir<\/p>","protected":false},"featured_media":2606,"template":"","meta":[],"product_brand":[],"product_cat":[88],"product_tag":[],"class_list":{"0":"post-2605","1":"product","2":"type-product","3":"status-publish","4":"has-post-thumbnail","6":"product_cat-echarpe","9":"instock","10":"sale","11":"shipping-taxable","12":"purchasable","13":"product-type-variable","14":"product-grid-view"},"jetpack_sharing_enabled":true,"_links":{"self":[{"href":"https:\/\/biya-modesty.com\/en\/wp-json\/wp\/v2\/product\/2605","targetHints":{"allow":["GET"]}}],"collection":[{"href":"https:\/\/biya-modesty.com\/en\/wp-json\/wp\/v2\/product"}],"about":[{"href":"https:\/\/biya-modesty.com\/en\/wp-json\/wp\/v2\/types\/product"}],"version-history":[{"count":4,"href":"https:\/\/biya-modesty.com\/en\/wp-json\/wp\/v2\/product\/2605\/revisions"}],"predecessor-version":[{"id":2617,"href":"https:\/\/biya-modesty.com\/en\/wp-json\/wp\/v2\/product\/2605\/revisions\/2617"}],"wp:featuredmedia":[{"embeddable":true,"href":"https:\/\/biya-modesty.com\/en\/wp-json\/wp\/v2\/media\/2606"}],"wp:attachment":[{"href":"https:\/\/biya-modesty.com\/en\/wp-json\/wp\/v2\/media?parent=2605"}],"wp:term":[{"taxonomy":"product_brand","embeddable":true,"href":"https:\/\/biya-modesty.com\/en\/wp-json\/wp\/v2\/product_brand?post=2605"},{"taxonomy":"product_cat","embeddable":true,"href":"https:\/\/biya-modesty.com\/en\/wp-json\/wp\/v2\/product_cat?post=2605"},{"taxonomy":"product_tag","embeddable":true,"href":"https:\/\/biya-modesty.com\/en\/wp-json\/wp\/v2\/product_tag?post=2605"}],"curies":[{"name":"wp","href":"https:\/\/api.w.org\/{rel}","templated":true}]}}