{"id":2745,"date":"2026-02-19T19:07:01","date_gmt":"2026-02-19T18:07:01","guid":{"rendered":"https:\/\/biya-modesty.com\/?post_type=product&#038;p=2745"},"modified":"2026-04-11T09:49:23","modified_gmt":"2026-04-11T08:49:23","slug":"jersey-liquid","status":"publish","type":"product","link":"https:\/\/biya-modesty.com\/en\/product\/jersey-liquid\/","title":{"rendered":"Hijab Jersey liquid"},"content":{"rendered":"<p>Jersey Liquid \u2013 L\u2019\u00e9l\u00e9gance en toute fluidit\u00e9<\/p>\n<p>Le Jersey Liquid incarne la sophistication naturelle.<\/p>\n<p>Son fini d\u00e9licatement satin\u00e9 capte la lumi\u00e8re avec subtilit\u00e9, apportant une touche chic et raffin\u00e9e \u00e0 chacune de vos tenues.<\/p>\n<p>L\u00e9ger et respirant, il est id\u00e9al en toute saison et particuli\u00e8rement agr\u00e9able lors des journ\u00e9es plus chaudes.<\/p>\n<p>Il \u00e9pouse parfaitement la forme du visage et tient remarquablement bien sur la t\u00eate, sans n\u00e9cessiter de multiples \u00e9pingles.<\/p>\n<p>C\u2019est le hijab parfait pour celles qui recherchent \u00e0 la fois confort, tenue et allure sophistiqu\u00e9e.<\/p>\n<p>\u2728 Un indispensable pour sublimer vos looks du quotidien comme vos occasions sp\u00e9ciales.<\/p>","protected":false},"excerpt":{"rendered":"<p>Jersey Liquid \u2013 L\u2019\u00e9l\u00e9gance en toute fluidit\u00e9 Le Jersey Liquid incarne la sophistication naturelle. Son fini d\u00e9licatement satin\u00e9 capte la lumi\u00e8re avec subtilit\u00e9, apportant une touche chic et raffin\u00e9e \u00e0 chacune de vos tenues. L\u00e9ger et respirant, il est id\u00e9al en toute saison et particuli\u00e8rement agr\u00e9able lors des journ\u00e9es plus chaudes. Il \u00e9pouse parfaitement la [&hellip;]<\/p>\n","protected":false},"featured_media":3018,"template":"","meta":[],"product_brand":[],"product_cat":[71],"product_tag":[],"class_list":{"0":"post-2745","1":"product","2":"type-product","3":"status-publish","4":"has-post-thumbnail","6":"product_cat-hijab","9":"instock","10":"shipping-taxable","11":"purchasable","12":"product-type-variable","13":"product-grid-view"},"jetpack_sharing_enabled":true,"_links":{"self":[{"href":"https:\/\/biya-modesty.com\/en\/wp-json\/wp\/v2\/product\/2745","targetHints":{"allow":["GET"]}}],"collection":[{"href":"https:\/\/biya-modesty.com\/en\/wp-json\/wp\/v2\/product"}],"about":[{"href":"https:\/\/biya-modesty.com\/en\/wp-json\/wp\/v2\/types\/product"}],"version-history":[{"count":5,"href":"https:\/\/biya-modesty.com\/en\/wp-json\/wp\/v2\/product\/2745\/revisions"}],"predecessor-version":[{"id":3173,"href":"https:\/\/biya-modesty.com\/en\/wp-json\/wp\/v2\/product\/2745\/revisions\/3173"}],"wp:featuredmedia":[{"embeddable":true,"href":"https:\/\/biya-modesty.com\/en\/wp-json\/wp\/v2\/media\/3018"}],"wp:attachment":[{"href":"https:\/\/biya-modesty.com\/en\/wp-json\/wp\/v2\/media?parent=2745"}],"wp:term":[{"taxonomy":"product_brand","embeddable":true,"href":"https:\/\/biya-modesty.com\/en\/wp-json\/wp\/v2\/product_brand?post=2745"},{"taxonomy":"product_cat","embeddable":true,"href":"https:\/\/biya-modesty.com\/en\/wp-json\/wp\/v2\/product_cat?post=2745"},{"taxonomy":"product_tag","embeddable":true,"href":"https:\/\/biya-modesty.com\/en\/wp-json\/wp\/v2\/product_tag?post=2745"}],"curies":[{"name":"wp","href":"https:\/\/api.w.org\/{rel}","templated":true}]}}